{"id":178,"date":"2015-05-14T13:17:15","date_gmt":"2015-05-14T13:17:15","guid":{"rendered":"http:\/\/test.imdialog.net\/wordpress\/?page_id=178"},"modified":"2016-03-30T20:00:43","modified_gmt":"2016-03-30T20:00:43","slug":"leistungen","status":"publish","type":"page","link":"https:\/\/dr-meister-giannoules.de\/?page_id=178","title":{"rendered":"Leistungen"},"content":{"rendered":"<p><strong>Leistungsspektrum im \u00dcberblick<br \/>\n<\/strong><\/p>\n<ul>\n<li><strong>Haus\u00e4rztliche Versorgung f\u00fcr die ganze Familie<\/strong><\/li>\n<li><strong>Gesundheitsvorsorge<\/strong><\/li>\n<li><strong>Ultraschall<\/strong><\/li>\n<li><strong>EKG, Lungenfunktion<\/strong><\/li>\n<li><strong>Reisemedizin<\/strong><\/li>\n<li><strong>Naturheilverfahren<\/strong><\/li>\n<li><strong>Akupunktur<\/strong><\/li>\n<li><strong>Manuelle Medizin \/ Chirotherapie<\/strong><\/li>\n<li><strong>Professional Applied Kinesiology<\/strong><\/li>\n<li><strong>Biologische Krebstherapie<\/strong><\/li>\n<\/ul>\n<p>Haus\u00e4rztliche Versorgung finden Sie<strong> <a href=\"http:\/\/dr-meister-giannoules.de\/?page_id=184\">hier<\/a><\/strong><\/p>\n<p>BTV (Besondere Therapie-Verfahren)<strong> <a href=\"http:\/\/dr-meister-giannoules.de\/?page_id=216\">hier<\/a><\/strong><\/p>\n<p><em>Sie bekommen als Kassenpatient alle notwendigen Leistungen von der Kasse bezahlt. Dar\u00fcber hinaus gibt es Leistungen, auch in meiner Praxis, die die gesetzlichen Kassen nicht erstatten. Wenn Sie dar\u00fcber mehr wissen wollen, sprechen Sie mich bitte an.<strong><br \/>\n<\/strong><\/em><\/p>\n","protected":false},"excerpt":{"rendered":"<p>Leistungsspektrum im \u00dcberblick Haus\u00e4rztliche Versorgung f\u00fcr die ganze Familie Gesundheitsvorsorge Ultraschall EKG, Lungenfunktion Reisemedizin Naturheilverfahren Akupunktur Manuelle Medizin \/ Chirotherapie Professional Applied Kinesiology Biologische Krebstherapie Haus\u00e4rztliche Versorgung finden Sie hier BTV (Besondere Therapie-Verfahren) hier Sie bekommen als Kassenpatient alle notwendigen &hellip; <a href=\"https:\/\/dr-meister-giannoules.de\/?page_id=178\">Weiterlesen <span class=\"meta-nav\">&rarr;<\/span><\/a><\/p>\n","protected":false},"author":1,"featured_media":514,"parent":0,"menu_order":2,"comment_status":"closed","ping_status":"closed","template":"sidebar-page.php","meta":[],"_links":{"self":[{"href":"https:\/\/dr-meister-giannoules.de\/index.php?rest_route=\/wp\/v2\/pages\/178"}],"collection":[{"href":"https:\/\/dr-meister-giannoules.de\/index.php?rest_route=\/wp\/v2\/pages"}],"about":[{"href":"https:\/\/dr-meister-giannoules.de\/index.php?rest_route=\/wp\/v2\/types\/page"}],"author":[{"embeddable":true,"href":"https:\/\/dr-meister-giannoules.de\/index.php?rest_route=\/wp\/v2\/users\/1"}],"replies":[{"embeddable":true,"href":"https:\/\/dr-meister-giannoules.de\/index.php?rest_route=%2Fwp%2Fv2%2Fcomments&post=178"}],"version-history":[{"count":3,"href":"https:\/\/dr-meister-giannoules.de\/index.php?rest_route=\/wp\/v2\/pages\/178\/revisions"}],"predecessor-version":[{"id":487,"href":"https:\/\/dr-meister-giannoules.de\/index.php?rest_route=\/wp\/v2\/pages\/178\/revisions\/487"}],"wp:featuredmedia":[{"embeddable":true,"href":"https:\/\/dr-meister-giannoules.de\/index.php?rest_route=\/wp\/v2\/media\/514"}],"wp:attachment":[{"href":"https:\/\/dr-meister-giannoules.de\/index.php?rest_route=%2Fwp%2Fv2%2Fmedia&parent=178"}],"curies":[{"name":"wp","href":"https:\/\/api.w.org\/{rel}","templated":true}]}}