{"id":184,"date":"2015-05-14T13:20:15","date_gmt":"2015-05-14T13:20:15","guid":{"rendered":"http:\/\/test.imdialog.net\/wordpress\/?page_id=184"},"modified":"2016-03-30T20:02:10","modified_gmt":"2016-03-30T20:02:10","slug":"hausaerztliche-versorgung","status":"publish","type":"page","link":"https:\/\/dr-meister-giannoules.de\/?page_id=184","title":{"rendered":"Haus\u00e4rztliche Versorgung"},"content":{"rendered":"<ul>\n<li><strong>Gesundheitsuntersuchung (Check-up)<br \/>\n<\/strong>Untersuchung von Kopf bis Fu\u00df + kleines Labor mit Urin<\/li>\n<li><strong>Krebsvorsorgeuntersuchung (M\u00e4nner)<\/strong><br \/>\nUntersuchung von Prostata, Hoden, Enddarm<\/li>\n<li><strong>Hautkrebsvorsorgeuntersuchung<br \/>\n<\/strong><\/li>\n<li><strong>Jugendvorsorgeuntersuchung ( J 1)<\/strong><br \/>\nGesundheitsuntersuchung Jugendliche<\/li>\n<li><strong>Kindergartenuntersuchung<\/strong><\/li>\n<li><strong>Jugendarbeitsschutzuntersuchung<\/strong><br \/>\nf\u00fcr jugendliche Auszubildende<\/li>\n<li><strong>Impfberatungen, Impfungen<\/strong><\/li>\n<li><strong>Wundversorgung, kleine operative Eingriffe<\/strong><\/li>\n<li><strong>Ultraschall <\/strong>(Bauch, Schilddr\u00fcse, Halsgef\u00e4\u00dfe)<strong><br \/>\n<\/strong><\/li>\n<li><strong>EKG<\/strong><\/li>\n<li><strong>Lungenfunktionspr\u00fcfung<\/strong><\/li>\n<li><strong>Kur-, Reha- und Rentenantr\u00e4ge<\/strong><\/li>\n<li><strong>Tauglichkeitsuntersuchungen (\u00b0)<\/strong><br \/>\n(F\u00fchrerschein, Tauchen, Sport)<\/li>\n<li><strong>Reisemedizin (Beratung und Impfung) (\u00b0)<\/strong><\/li>\n<\/ul>\n<p><em>Die mit (\u00b0) gekennzeichneten Leistungen sind nicht oder nur in einem bestimmten <\/em><br \/>\n<em> Umfang Leistungen der gesetzlichen Krankenkassen. Die Kosten richten sich nach der Geb\u00fchrenordnung f\u00fcr \u00c4rzte (GO\u00c4).<\/em><\/p>\n<p>&nbsp;<\/p>\n<p>&nbsp;<\/p>\n","protected":false},"excerpt":{"rendered":"<p>Gesundheitsuntersuchung (Check-up) Untersuchung von Kopf bis Fu\u00df + kleines Labor mit Urin Krebsvorsorgeuntersuchung (M\u00e4nner) Untersuchung von Prostata, Hoden, Enddarm Hautkrebsvorsorgeuntersuchung Jugendvorsorgeuntersuchung ( J 1) Gesundheitsuntersuchung Jugendliche Kindergartenuntersuchung Jugendarbeitsschutzuntersuchung f\u00fcr jugendliche Auszubildende Impfberatungen, Impfungen Wundversorgung, kleine operative Eingriffe Ultraschall (Bauch, Schilddr\u00fcse, &hellip; <a href=\"https:\/\/dr-meister-giannoules.de\/?page_id=184\">Weiterlesen <span class=\"meta-nav\">&rarr;<\/span><\/a><\/p>\n","protected":false},"author":1,"featured_media":512,"parent":178,"menu_order":3,"comment_status":"closed","ping_status":"closed","template":"sidebar-page.php","meta":[],"_links":{"self":[{"href":"https:\/\/dr-meister-giannoules.de\/index.php?rest_route=\/wp\/v2\/pages\/184"}],"collection":[{"href":"https:\/\/dr-meister-giannoules.de\/index.php?rest_route=\/wp\/v2\/pages"}],"about":[{"href":"https:\/\/dr-meister-giannoules.de\/index.php?rest_route=\/wp\/v2\/types\/page"}],"author":[{"embeddable":true,"href":"https:\/\/dr-meister-giannoules.de\/index.php?rest_route=\/wp\/v2\/users\/1"}],"replies":[{"embeddable":true,"href":"https:\/\/dr-meister-giannoules.de\/index.php?rest_route=%2Fwp%2Fv2%2Fcomments&post=184"}],"version-history":[{"count":1,"href":"https:\/\/dr-meister-giannoules.de\/index.php?rest_route=\/wp\/v2\/pages\/184\/revisions"}],"predecessor-version":[{"id":522,"href":"https:\/\/dr-meister-giannoules.de\/index.php?rest_route=\/wp\/v2\/pages\/184\/revisions\/522"}],"up":[{"embeddable":true,"href":"https:\/\/dr-meister-giannoules.de\/index.php?rest_route=\/wp\/v2\/pages\/178"}],"wp:featuredmedia":[{"embeddable":true,"href":"https:\/\/dr-meister-giannoules.de\/index.php?rest_route=\/wp\/v2\/media\/512"}],"wp:attachment":[{"href":"https:\/\/dr-meister-giannoules.de\/index.php?rest_route=%2Fwp%2Fv2%2Fmedia&parent=184"}],"curies":[{"name":"wp","href":"https:\/\/api.w.org\/{rel}","templated":true}]}}