{"id":216,"date":"2015-05-14T16:31:22","date_gmt":"2015-05-14T16:31:22","guid":{"rendered":"http:\/\/test.imdialog.net\/wordpress\/?page_id=216"},"modified":"2016-03-30T20:04:26","modified_gmt":"2016-03-30T20:04:26","slug":"individuelle-gesundheits-leistungen","status":"publish","type":"page","link":"https:\/\/dr-meister-giannoules.de\/?page_id=216","title":{"rendered":"Besondere Therapie-Verfahren"},"content":{"rendered":"<p>Die unten aufgelisteten Therapieverfahren finden Sie mit Indikationen und <strong>Behandlungsbeschreibung in dieser <a href=\"http:\/\/dr-meister-giannoules.de\/wp-content\/uploads\/2016\/01\/Patienteninfo_Meister-Giannoules_BTV_ST_2016_01.pdf\" target=\"_blank\">\u00dcbersichtsdatei<\/a><\/strong><\/p>\n<ul>\n<li><strong><strong>Augmentierte Akupunktur (nach Dr. Covic) bei Heuschnupfen\/Pollenallergie<br \/>\n<\/strong><\/strong><em>Die Behandlung basiert auf einer Kombination aus Akupunktur, Neuraltherapie <\/em><em>und\u00a0 Elektrostimulation, wird i. d. R. nach Auftretender ersten Beschwerden in der aktuellen Saison einmalig durchgef\u00fchrt<\/em><\/li>\n<li><strong>Akupunktur <\/strong>(besondere Regelleistung)<br \/>\n<em>Kassenlesitung bei Gonathorose und LWS Syndrom l\u00e4nger als 6 Monate<strong><br \/>\n<\/strong><\/em><\/li>\n<li><strong>Professional Applied Kinesiology, Manuelle Therapie, Osteopathie<br \/>\n<\/strong><\/li>\n<li><strong>Aufbaukur (medikament\u00f6s)<\/strong><\/li>\n<li><strong>Biologische Krebstherapie<\/strong><\/li>\n<li><strong>Darmsanierung oder Symbioselenkung<\/strong><\/li>\n<li><strong>Eigenblutbehandlung<\/strong><\/li>\n<li><strong>Infusionstherapie \/ Injektionstherapie mit hom\u00f6opathischen Substanzen<\/strong><\/li>\n<li><strong>Manuelle Medizin \/ Chirotherapie \/ Atlastherapie<\/strong><\/li>\n<li><strong>Kinesiotaping nach dem MTC Konzept<\/strong><\/li>\n<li><strong>Propriozeptive Einlagen<\/strong><\/li>\n<li><strong>Raucherentw\u00f6hnung \u2013 Akupunkturbehandlung (Ohr)<\/strong><\/li>\n<li><strong>Schmerztherapie mit: Neuraltherapie, Hom\u00f6osiniatrie<\/strong><\/li>\n<li><strong>Schr\u00f6pfkopftherapie<br \/>\n<\/strong><\/li>\n<li><strong>St\u00f6rfeldtherapie, Neuraltherapie (nach Huneke)<\/strong><\/li>\n<\/ul>\n<p><em>Diese Leistungen richten sich nach der Geb\u00fchrenordnung f\u00fcr \u00c4rzte (GO\u00c4) und m\u00fcssen von Versicherten der Gesetzlichen Krankenkassen in der Regel selbst getragen werden. Privatkassen oder Zusatzversicherungen erstatten in der Regel. \u00dcber eventuelle Eigenkosten informiere ich Sie in jedem Fall im Gespr\u00e4ch vor der jeweiligen Behandlung.<strong><br \/>\n<\/strong><\/em><\/p>\n<p><strong><br \/>\n<\/strong><\/p>\n","protected":false},"excerpt":{"rendered":"<p>Die unten aufgelisteten Therapieverfahren finden Sie mit Indikationen und Behandlungsbeschreibung in dieser \u00dcbersichtsdatei Augmentierte Akupunktur (nach Dr. Covic) bei Heuschnupfen\/Pollenallergie Die Behandlung basiert auf einer Kombination aus Akupunktur, Neuraltherapie und\u00a0 Elektrostimulation, wird i. d. R. nach Auftretender ersten Beschwerden in &hellip; <a href=\"https:\/\/dr-meister-giannoules.de\/?page_id=216\">Weiterlesen <span class=\"meta-nav\">&rarr;<\/span><\/a><\/p>\n","protected":false},"author":1,"featured_media":511,"parent":178,"menu_order":2,"comment_status":"closed","ping_status":"closed","template":"sidebar-page.php","meta":[],"_links":{"self":[{"href":"https:\/\/dr-meister-giannoules.de\/index.php?rest_route=\/wp\/v2\/pages\/216"}],"collection":[{"href":"https:\/\/dr-meister-giannoules.de\/index.php?rest_route=\/wp\/v2\/pages"}],"about":[{"href":"https:\/\/dr-meister-giannoules.de\/index.php?rest_route=\/wp\/v2\/types\/page"}],"author":[{"embeddable":true,"href":"https:\/\/dr-meister-giannoules.de\/index.php?rest_route=\/wp\/v2\/users\/1"}],"replies":[{"embeddable":true,"href":"https:\/\/dr-meister-giannoules.de\/index.php?rest_route=%2Fwp%2Fv2%2Fcomments&post=216"}],"version-history":[{"count":6,"href":"https:\/\/dr-meister-giannoules.de\/index.php?rest_route=\/wp\/v2\/pages\/216\/revisions"}],"predecessor-version":[{"id":501,"href":"https:\/\/dr-meister-giannoules.de\/index.php?rest_route=\/wp\/v2\/pages\/216\/revisions\/501"}],"up":[{"embeddable":true,"href":"https:\/\/dr-meister-giannoules.de\/index.php?rest_route=\/wp\/v2\/pages\/178"}],"wp:featuredmedia":[{"embeddable":true,"href":"https:\/\/dr-meister-giannoules.de\/index.php?rest_route=\/wp\/v2\/media\/511"}],"wp:attachment":[{"href":"https:\/\/dr-meister-giannoules.de\/index.php?rest_route=%2Fwp%2Fv2%2Fmedia&parent=216"}],"curies":[{"name":"wp","href":"https:\/\/api.w.org\/{rel}","templated":true}]}}