{"id":220,"date":"2015-05-14T16:40:34","date_gmt":"2015-05-14T16:40:34","guid":{"rendered":"http:\/\/test.imdialog.net\/wordpress\/?page_id=220"},"modified":"2025-02-03T11:49:02","modified_gmt":"2025-02-03T11:49:02","slug":"unser-team","status":"publish","type":"page","link":"https:\/\/dr-meister-giannoules.de\/?page_id=220","title":{"rendered":"Unser Team"},"content":{"rendered":"\n<div class=\"wp-block-media-text alignwide is-stacked-on-mobile\" style=\"grid-template-columns:43% auto\"><figure class=\"wp-block-media-text__media\"><img decoding=\"async\" loading=\"lazy\" width=\"215\" height=\"268\" src=\"https:\/\/dr-meister-giannoules.de\/wp-content\/uploads\/2023\/03\/M-G_www.jpg\" alt=\"\" class=\"wp-image-705 size-full\"\/><\/figure><div class=\"wp-block-media-text__content\">\n<p><strong>Dr. med. Jeannette Meister-Giannoules<\/strong><br>Fach\u00e4rztin f\u00fcr Allgemeinmedizin<br>Haus\u00e4rztin | Naturheilverfahren<br>Akupunktur | Manuelle Medizin \/ Chirotherapie | Professional Applied Kinesiology<br><br><strong><a href=\"http:\/\/dr-meister-giannoules.de\/?page_id=376\">zum Werdegang<\/a><\/strong><\/p>\n<\/div><\/div>\n\n\n\n<div class=\"wp-block-media-text alignwide is-stacked-on-mobile\" style=\"grid-template-columns:43% auto\"><figure class=\"wp-block-media-text__media\"><img decoding=\"async\" loading=\"lazy\" width=\"215\" height=\"268\" src=\"https:\/\/dr-meister-giannoules.de\/wp-content\/uploads\/2023\/03\/Ruckwied_www.jpg\" alt=\"\" class=\"wp-image-704 size-full\"\/><\/figure><div class=\"wp-block-media-text__content\">\n<p><strong>Frau Dr. med. Ulrike Ruckwied<br><\/strong>Angestellte Fach\u00e4rztin f\u00fcr Innere Medizin Haus\u00e4rztin. Sie hat beruflichen Erfahrungen in der Kardiologie im KH Ludwigsburg, in der Gastroenterologie im KH Reutlingen, sowie in der Rheumatologie bei Dr. Jacki in T\u00fcbingen gesammelt.<\/p>\n<\/div><\/div>\n\n\n\n<div class=\"wp-block-media-text alignwide is-stacked-on-mobile\" style=\"grid-template-columns:43% auto\"><figure class=\"wp-block-media-text__media\"><img decoding=\"async\" loading=\"lazy\" width=\"215\" height=\"268\" src=\"https:\/\/dr-meister-giannoules.de\/wp-content\/uploads\/2023\/03\/Domenica-Gallo-1.jpg\" alt=\"\" class=\"wp-image-717 size-full\"\/><\/figure><div class=\"wp-block-media-text__content\">\n<p><strong>Domenica Gallo<\/strong> \u2013 MFA<\/p>\n<\/div><\/div>\n\n\n\n<div class=\"wp-block-media-text alignwide is-stacked-on-mobile\" style=\"grid-template-columns:43% auto\"><figure class=\"wp-block-media-text__media\"><img decoding=\"async\" loading=\"lazy\" width=\"215\" height=\"268\" src=\"https:\/\/dr-meister-giannoules.de\/wp-content\/uploads\/2023\/03\/Arjeta-Ramadani.jpg\" alt=\"\" class=\"wp-image-718 size-full\"\/><\/figure><div class=\"wp-block-media-text__content\">\n<p><strong>Arjeta Ramadani<\/strong> \u2013 MFA<\/p>\n<\/div><\/div>\n\n\n\n<div class=\"wp-block-media-text alignwide is-stacked-on-mobile\" style=\"grid-template-columns:43% auto\"><figure class=\"wp-block-media-text__media\"><img decoding=\"async\" loading=\"lazy\" width=\"215\" height=\"268\" src=\"https:\/\/dr-meister-giannoules.de\/wp-content\/uploads\/2023\/03\/Franziska-Rigger.jpg\" alt=\"\" class=\"wp-image-719 size-full\"\/><\/figure><div class=\"wp-block-media-text__content\">\n<p><strong>Franziska Rigger<\/strong> \u2013 MFA<\/p>\n<\/div><\/div>\n\n\n\n<div class=\"wp-block-media-text alignwide is-stacked-on-mobile\" style=\"grid-template-columns:43% auto\"><figure class=\"wp-block-media-text__media\"><img decoding=\"async\" loading=\"lazy\" width=\"215\" height=\"268\" src=\"https:\/\/dr-meister-giannoules.de\/wp-content\/uploads\/2023\/03\/Petra-Done.jpg\" alt=\"\" class=\"wp-image-720 size-full\"\/><\/figure><div class=\"wp-block-media-text__content\">\n<p><strong>Petra Donn\u00e9<\/strong> \u2013 Praxismanagement<\/p>\n<\/div><\/div>\n","protected":false},"excerpt":{"rendered":"<p>Dr. med. Jeannette Meister-GiannoulesFach\u00e4rztin f\u00fcr AllgemeinmedizinHaus\u00e4rztin | NaturheilverfahrenAkupunktur | Manuelle Medizin \/ Chirotherapie | Professional Applied Kinesiology zum Werdegang Frau Dr. med. Ulrike RuckwiedAngestellte Fach\u00e4rztin f\u00fcr Innere Medizin Haus\u00e4rztin. Sie hat beruflichen Erfahrungen in der Kardiologie im KH Ludwigsburg, in &hellip; <a href=\"https:\/\/dr-meister-giannoules.de\/?page_id=220\">Weiterlesen <span class=\"meta-nav\">&rarr;<\/span><\/a><\/p>\n","protected":false},"author":1,"featured_media":695,"parent":0,"menu_order":0,"comment_status":"closed","ping_status":"closed","template":"sidebar-page.php","meta":[],"_links":{"self":[{"href":"https:\/\/dr-meister-giannoules.de\/index.php?rest_route=\/wp\/v2\/pages\/220"}],"collection":[{"href":"https:\/\/dr-meister-giannoules.de\/index.php?rest_route=\/wp\/v2\/pages"}],"about":[{"href":"https:\/\/dr-meister-giannoules.de\/index.php?rest_route=\/wp\/v2\/types\/page"}],"author":[{"embeddable":true,"href":"https:\/\/dr-meister-giannoules.de\/index.php?rest_route=\/wp\/v2\/users\/1"}],"replies":[{"embeddable":true,"href":"https:\/\/dr-meister-giannoules.de\/index.php?rest_route=%2Fwp%2Fv2%2Fcomments&post=220"}],"version-history":[{"count":29,"href":"https:\/\/dr-meister-giannoules.de\/index.php?rest_route=\/wp\/v2\/pages\/220\/revisions"}],"predecessor-version":[{"id":736,"href":"https:\/\/dr-meister-giannoules.de\/index.php?rest_route=\/wp\/v2\/pages\/220\/revisions\/736"}],"wp:featuredmedia":[{"embeddable":true,"href":"https:\/\/dr-meister-giannoules.de\/index.php?rest_route=\/wp\/v2\/media\/695"}],"wp:attachment":[{"href":"https:\/\/dr-meister-giannoules.de\/index.php?rest_route=%2Fwp%2Fv2%2Fmedia&parent=220"}],"curies":[{"name":"wp","href":"https:\/\/api.w.org\/{rel}","templated":true}]}}