{"id":224,"date":"2015-05-14T16:41:02","date_gmt":"2015-05-14T16:41:02","guid":{"rendered":"http:\/\/test.imdialog.net\/wordpress\/?page_id=224"},"modified":"2017-09-24T11:14:02","modified_gmt":"2017-09-24T11:14:02","slug":"kontakt-2","status":"publish","type":"page","link":"https:\/\/dr-meister-giannoules.de\/?page_id=224","title":{"rendered":"Kontakt"},"content":{"rendered":"<div id=\"content1\">\n<p><strong>Dr. med. Jeannette Meister-Giannoules<\/strong><br \/>\nFach\u00e4rztin f\u00fcr Allgemeinmedizin | Haus\u00e4rztin<\/p>\n<p>Praxisadresse:<br \/>\nPrimus-Truber-Str. 70<br \/>\n72072 T\u00fcbingen<br \/>\n<strong>Telefon: 07071 &#8211; 72 888<\/strong><br \/>\nFax: 07071 &#8211; 78 615<\/p>\n<p>Bitte beachten Sie unsere <a href=\"http:\/\/dr-meister-giannoules.de\/?page_id=199\"><strong>Terminvergabe<\/strong><\/a><\/p>\n<\/div>\n<p>Der Weg zur Praxis<\/p>\n<p><iframe loading=\"lazy\" style=\"border: 0;\" src=\"https:\/\/www.google.com\/maps\/embed?pb=!1m18!1m12!1m3!1d2643.610338100866!2d9.054675951630951!3d48.50236353355985!2m3!1f0!2f0!3f0!3m2!1i1024!2i768!4f13.1!3m3!1m2!1s0x4799fae816b93b91%3A0x233f860c63ea8bef!2sDr.+med.+Jeannette+Meister-Giannoul%C3%A9s!5e0!3m2!1sde!2sde!4v1506251480955\" width=\"600\" height=\"450\" frameborder=\"0\" allowfullscreen=\"allowfullscreen\"><\/iframe><\/p>\n<p>&nbsp;<\/p>\n<div id=\"content\"><\/div>\n","protected":false},"excerpt":{"rendered":"<p>Dr. med. Jeannette Meister-Giannoules Fach\u00e4rztin f\u00fcr Allgemeinmedizin | Haus\u00e4rztin Praxisadresse: Primus-Truber-Str. 70 72072 T\u00fcbingen Telefon: 07071 &#8211; 72 888 Fax: 07071 &#8211; 78 615 Bitte beachten Sie unsere Terminvergabe Der Weg zur Praxis &nbsp;<\/p>\n","protected":false},"author":1,"featured_media":518,"parent":0,"menu_order":0,"comment_status":"closed","ping_status":"closed","template":"sidebar-page.php","meta":[],"_links":{"self":[{"href":"https:\/\/dr-meister-giannoules.de\/index.php?rest_route=\/wp\/v2\/pages\/224"}],"collection":[{"href":"https:\/\/dr-meister-giannoules.de\/index.php?rest_route=\/wp\/v2\/pages"}],"about":[{"href":"https:\/\/dr-meister-giannoules.de\/index.php?rest_route=\/wp\/v2\/types\/page"}],"author":[{"embeddable":true,"href":"https:\/\/dr-meister-giannoules.de\/index.php?rest_route=\/wp\/v2\/users\/1"}],"replies":[{"embeddable":true,"href":"https:\/\/dr-meister-giannoules.de\/index.php?rest_route=%2Fwp%2Fv2%2Fcomments&post=224"}],"version-history":[{"count":3,"href":"https:\/\/dr-meister-giannoules.de\/index.php?rest_route=\/wp\/v2\/pages\/224\/revisions"}],"predecessor-version":[{"id":600,"href":"https:\/\/dr-meister-giannoules.de\/index.php?rest_route=\/wp\/v2\/pages\/224\/revisions\/600"}],"wp:featuredmedia":[{"embeddable":true,"href":"https:\/\/dr-meister-giannoules.de\/index.php?rest_route=\/wp\/v2\/media\/518"}],"wp:attachment":[{"href":"https:\/\/dr-meister-giannoules.de\/index.php?rest_route=%2Fwp%2Fv2%2Fmedia&parent=224"}],"curies":[{"name":"wp","href":"https:\/\/api.w.org\/{rel}","templated":true}]}}