{"id":228,"date":"2015-05-14T16:41:11","date_gmt":"2015-05-14T16:41:11","guid":{"rendered":"http:\/\/test.imdialog.net\/wordpress\/?page_id=228"},"modified":"2016-03-30T20:26:51","modified_gmt":"2016-03-30T20:26:51","slug":"impressum","status":"publish","type":"page","link":"https:\/\/dr-meister-giannoules.de\/?page_id=228","title":{"rendered":"Impressum"},"content":{"rendered":"<div id=\"mitte\">\n<div id=\"content\">\n<h4>Inhaltlich verantwortlich<\/h4>\n<p><strong>Dr. Jeannette Meister-Giannoules<br \/>\n<\/strong>Fach\u00e4rztin f\u00fcr Allgemeinmedizin<br \/>\nPrimus-Truber-Str. 70<br \/>\n72072 T\u00fcbingen<br \/>\nTelefon: 07071 72 888<br \/>\n<a class=\"speziell\" href=\"http:\/\/www.dr-meister-giannoules.de\/index.html\">www.dr-meister-giannoules.de<\/a><\/p>\n<\/div>\n<div id=\"content\">\n<p><strong>Berufsspezifische Angaben<br \/>\n<\/strong>Die Berufbezeichnung Arzt wurde in Deutschland verliehen<strong>.<br \/>\n<\/strong><\/p>\n<p>Zust\u00e4ndige Aufsichtsbeh\u00f6rde:<br \/>\n<a href=\"http:\/\/www.kvbawue.de\/\" target=\"_blank\">Kassen\u00e4rztliche Vereinigung Baden-W\u00fcrttemberg<\/a>, Albstadtweg 4, 70567 Stuttgart<br \/>\nZust\u00e4ndige Kammer:<br \/>\n<a href=\"http:\/\/www.aerztekammer-bw.de\/\" target=\"_blank\">Landes\u00e4rztekammer Baden-W\u00fcrttemberg<\/a>, Jahnstra\u00dfe 40, 70597 Stuttgart<\/p>\n<p><strong>Gesetzliche Berufsbezeichnung:<\/strong><br \/>\nFacharzt f\u00fcr Allgemeinmedizin<\/p>\n<p><strong>Zusatzbezeichnung:<br \/>\n<\/strong>Fach\u00e4rztin f\u00fcr Allgemeinmedizin<br \/>\nHaus\u00e4rztin<br \/>\nNaturheilverfahren<br \/>\nAkupunktur<strong><br \/>\n<\/strong><\/p>\n<\/div>\n<p>Quellenangaben \/ \u00a9 f\u00fcr die verwendeten Fotos<br \/>\nFotorechte bei Dr. Jeannette Meister-Giannoules<br \/>\nund kyro \/ photocase.de | judigrafie \/ photocase.de | smeyli \/ photocase.de<br \/>\njuliaw \/ photocase.de | Lukow \/ photocase.de |<\/p>\n<p>Grafik, Konzept und Umsetzung in wordpress: <a href=\"http:\/\/www.imdialog.net\" target=\"_blank\">www.imdialog.net<br \/>\n<\/a>____________________________________________<\/p>\n<p><strong>Haftung f\u00fcr Inhalte<\/strong><br \/>\nAls Diensteanbieter sind wir gem\u00e4\u00df \u00a7 7 Abs.1 TMG f\u00fcr eigene Inhalte auf diesen Seiten nach den allgemeinen Gesetzen verantwortlich.<br \/>\nNach \u00a7\u00a7 8 bis 10 TMG sind wir als Diensteanbieter jedoch nicht verpflichtet, \u00fcbermittelte oder gespeicherte fremde Informationen zu \u00fcberwachen oder nach Umst\u00e4nden zu forschen, die auf eine rechtswidrige T\u00e4tigkeit hinweisen. Verpflichtungen zur Entfernung oder Sperrung der Nutzung von Informationen nach den allgemeinen Gesetzen bleiben hiervon unber\u00fchrt. Eine diesbez\u00fcgliche Haftung ist jedoch erst ab dem Zeitpunkt der Kenntnis einer konkreten Rechtsverletzung m\u00f6glich. Bei Bekanntwerden von entsprechenden Rechtsverletzungen werden wir diese Inhalte umgehend entfernen.<\/p>\n<p><strong>Haftung f\u00fcr Links<br \/>\n<\/strong>Unser Angebot enth\u00e4lt Links zu externen Webseiten Dritter, auf deren Inhalte wir keinen Einfluss haben. Deshalb k\u00f6nnen wir f\u00fcr diese fremden Inhalte auch keine Gew\u00e4hr \u00fcbernehmen. F\u00fcr die Inhalte der verlinkten Seiten ist stets der jeweilige Anbieter oder Betreiber der Seiten verantwortlich. Die verlinkten Seiten wurden zum Zeitpunkt der Verlinkung auf m\u00f6gliche Rechtsverst\u00f6\u00dfe \u00fcberpr\u00fcft. Rechtswidrige Inhalte waren zum Zeitpunkt der Verlinkung nicht erkennbar. Eine permanente inhaltliche Kontrolle der verlinkten Seiten ist jedoch ohne konkrete Anhaltspunkte einer Rechtsverletzung nicht zumutbar. Bei Bekanntwerden von Rechtsverletzungen werden wir derartige Links umgehend entfernen.<\/p>\n<\/div>\n<div><strong>Urheberrecht<\/strong><\/div>\n<div>Die durch die Seitenbetreiber erstellten Inhalte und Werke auf diesen Seiten unterliegen dem deutschen Urheberrecht. Die Vervielf\u00e4ltigung, Bearbeitung, Verbreitung und<br \/>\njede Art der Verwertung au\u00dferhalb der Grenzen des Urheberrechtes bed\u00fcrfen<br \/>\nder schriftlichen Zustimmung des jeweiligen Autors bzw. Erstellers. Downloads<br \/>\nund Kopien dieser Seite sind nur f\u00fcr den privaten, nicht kommerziellen Gebrauch gestattet. Soweit die Inhalte auf dieser Seite nicht vom Betreiber erstellt wurden, werden die Urheberrechte Dritter beachtet. Insbesondere werden Inhalte Dritter als solche<br \/>\ngekennzeichnet. Sollten Sie trotzdem auf eine Urheberrechtsverletzung aufmerksam werden, bitten wir um einen entsprechenden Hinweis.<br \/>\nBei Bekanntwerden von Rechtsverletzungen werden wir derartige Inhalte umgehend entfernen. Quelle:\u00a0 www.e-recht24.de<\/div>\n","protected":false},"excerpt":{"rendered":"<p>Inhaltlich verantwortlich Dr. Jeannette Meister-Giannoules Fach\u00e4rztin f\u00fcr Allgemeinmedizin Primus-Truber-Str. 70 72072 T\u00fcbingen Telefon: 07071 72 888 www.dr-meister-giannoules.de Berufsspezifische Angaben Die Berufbezeichnung Arzt wurde in Deutschland verliehen. Zust\u00e4ndige Aufsichtsbeh\u00f6rde: Kassen\u00e4rztliche Vereinigung Baden-W\u00fcrttemberg, Albstadtweg 4, 70567 Stuttgart Zust\u00e4ndige Kammer: Landes\u00e4rztekammer Baden-W\u00fcrttemberg, Jahnstra\u00dfe &hellip; <a href=\"https:\/\/dr-meister-giannoules.de\/?page_id=228\">Weiterlesen <span class=\"meta-nav\">&rarr;<\/span><\/a><\/p>\n","protected":false},"author":1,"featured_media":510,"parent":0,"menu_order":0,"comment_status":"closed","ping_status":"closed","template":"sidebar-page.php","meta":[],"_links":{"self":[{"href":"https:\/\/dr-meister-giannoules.de\/index.php?rest_route=\/wp\/v2\/pages\/228"}],"collection":[{"href":"https:\/\/dr-meister-giannoules.de\/index.php?rest_route=\/wp\/v2\/pages"}],"about":[{"href":"https:\/\/dr-meister-giannoules.de\/index.php?rest_route=\/wp\/v2\/types\/page"}],"author":[{"embeddable":true,"href":"https:\/\/dr-meister-giannoules.de\/index.php?rest_route=\/wp\/v2\/users\/1"}],"replies":[{"embeddable":true,"href":"https:\/\/dr-meister-giannoules.de\/index.php?rest_route=%2Fwp%2Fv2%2Fcomments&post=228"}],"version-history":[{"count":1,"href":"https:\/\/dr-meister-giannoules.de\/index.php?rest_route=\/wp\/v2\/pages\/228\/revisions"}],"predecessor-version":[{"id":537,"href":"https:\/\/dr-meister-giannoules.de\/index.php?rest_route=\/wp\/v2\/pages\/228\/revisions\/537"}],"wp:featuredmedia":[{"embeddable":true,"href":"https:\/\/dr-meister-giannoules.de\/index.php?rest_route=\/wp\/v2\/media\/510"}],"wp:attachment":[{"href":"https:\/\/dr-meister-giannoules.de\/index.php?rest_route=%2Fwp%2Fv2%2Fmedia&parent=228"}],"curies":[{"name":"wp","href":"https:\/\/api.w.org\/{rel}","templated":true}]}}