{"id":466,"date":"2015-03-10T08:25:21","date_gmt":"2015-03-10T08:25:21","guid":{"rendered":"http:\/\/test.imdialog.net\/wordpress\/?page_id=13"},"modified":"2016-03-30T19:59:55","modified_gmt":"2016-03-30T19:59:55","slug":"aktuelles","status":"publish","type":"page","link":"https:\/\/dr-meister-giannoules.de\/","title":{"rendered":"Willkommen"},"content":{"rendered":"<p>Liebe Patientin, Lieber Patient,<\/p>\n<p>fit und gesund will jede\/r von uns sein. Dazu tragen viele Faktoren bei. F\u00fcr die Beratung, Vorsorge und Begleitung im Krankheitsfall biete ich Ihnen, als erfahrene Haus\u00e4rztin, ein breites medizinisches Spektrum an. Dies umfasst neben fundierter Schulmedizin auch naturheilkundliche, integrative Heilverfahren. Selbstverst\u00e4ndlich sind f\u00fcr mich regelm\u00e4\u00dfige Fortbildungen.<\/p>\n<p>Im Mittelpunkt stehen immer Sie als Patient mit Ihrer eigenen, ganz individuellen Pers\u00f6nlichkeit und Ihren Themen. Im Gespr\u00e4ch entwickeln wir gemeinsam die f\u00fcr Sie geeignete Begleitung und schauen nach den passenden Therapiem\u00f6glichkeiten.<\/p>\n<p>Mit dieser Seite m\u00f6chte ich Ihnen einen ersten Einblick in das Behandlungs- und Therapieangebote und in die Praxisabl\u00e4ufe geben. Bei Fragen rufen Sie bitte einfach an.<\/p>\n<p>Ich und mein Team freuen sich auf eine gute Zusammenarbeit!<br \/>\n<em>Ihre Dr. med. Jeannette Meister-Giannoules<\/em><br \/>\n<em>Fach\u00e4rztin f\u00fcr Allgemeinmedizin<\/em><\/p>\n<p>&nbsp;<\/p>\n<p>&nbsp;<\/p>\n","protected":false},"excerpt":{"rendered":"<p>Liebe Patientin, Lieber Patient, fit und gesund will jede\/r von uns sein. Dazu tragen viele Faktoren bei. F\u00fcr die Beratung, Vorsorge und Begleitung im Krankheitsfall biete ich Ihnen, als erfahrene Haus\u00e4rztin, ein breites medizinisches Spektrum an. Dies umfasst neben fundierter &hellip; <a href=\"https:\/\/dr-meister-giannoules.de\/\">Weiterlesen <span class=\"meta-nav\">&rarr;<\/span><\/a><\/p>\n","protected":false},"author":1,"featured_media":510,"parent":0,"menu_order":1,"comment_status":"closed","ping_status":"closed","template":"sidebar-page.php","meta":[],"_links":{"self":[{"href":"https:\/\/dr-meister-giannoules.de\/index.php?rest_route=\/wp\/v2\/pages\/466"}],"collection":[{"href":"https:\/\/dr-meister-giannoules.de\/index.php?rest_route=\/wp\/v2\/pages"}],"about":[{"href":"https:\/\/dr-meister-giannoules.de\/index.php?rest_route=\/wp\/v2\/types\/page"}],"author":[{"embeddable":true,"href":"https:\/\/dr-meister-giannoules.de\/index.php?rest_route=\/wp\/v2\/users\/1"}],"replies":[{"embeddable":true,"href":"https:\/\/dr-meister-giannoules.de\/index.php?rest_route=%2Fwp%2Fv2%2Fcomments&post=466"}],"version-history":[{"count":1,"href":"https:\/\/dr-meister-giannoules.de\/index.php?rest_route=\/wp\/v2\/pages\/466\/revisions"}],"predecessor-version":[{"id":521,"href":"https:\/\/dr-meister-giannoules.de\/index.php?rest_route=\/wp\/v2\/pages\/466\/revisions\/521"}],"wp:featuredmedia":[{"embeddable":true,"href":"https:\/\/dr-meister-giannoules.de\/index.php?rest_route=\/wp\/v2\/media\/510"}],"wp:attachment":[{"href":"https:\/\/dr-meister-giannoules.de\/index.php?rest_route=%2Fwp%2Fv2%2Fmedia&parent=466"}],"curies":[{"name":"wp","href":"https:\/\/api.w.org\/{rel}","templated":true}]}}